{"id":18639,"date":"2025-04-17T00:40:13","date_gmt":"2025-04-17T04:40:13","guid":{"rendered":"https:\/\/comfortridesgn.com\/book\/"},"modified":"2025-04-17T01:11:21","modified_gmt":"2025-04-17T05:11:21","slug":"reservation","status":"publish","type":"page","link":"https:\/\/comfortridesgn.com\/fr\/reservation\/","title":{"rendered":"R\u00e9servation"},"content":{"rendered":"\t\t<div data-elementor-type=\"wp-page\" data-elementor-id=\"18639\" class=\"elementor elementor-18639 elementor-18617\">\n\t\t\t\t\t\t<section class=\"elementor-section elementor-top-section elementor-element elementor-element-85f5931 elementor-section-boxed elementor-section-height-default elementor-section-height-default\" data-id=\"85f5931\" data-element_type=\"section\">\n\t\t\t\t\t\t<div class=\"elementor-container elementor-column-gap-default\">\n\t\t\t\t\t<div class=\"elementor-column elementor-col-100 elementor-top-column elementor-element elementor-element-1315beb\" data-id=\"1315beb\" data-element_type=\"column\">\n\t\t\t<div class=\"elementor-widget-wrap elementor-element-populated\">\n\t\t\t\t\t\t<section class=\"elementor-section elementor-inner-section elementor-element elementor-element-4bd1561 lte-background-gray elementor-section-boxed elementor-section-height-default elementor-section-height-default\" data-id=\"4bd1561\" data-element_type=\"section\">\n\t\t\t\t\t\t<div class=\"elementor-container elementor-column-gap-default\">\n\t\t\t\t\t<div class=\"elementor-column elementor-col-100 elementor-inner-column elementor-element elementor-element-4143fa0\" data-id=\"4143fa0\" data-element_type=\"column\">\n\t\t\t<div class=\"elementor-widget-wrap elementor-element-populated\">\n\t\t\t\t\t\t<div class=\"elementor-element elementor-element-c73fd1b lte-background-transparent elementor-widget elementor-widget-lte-cf7\" data-id=\"c73fd1b\" data-element_type=\"widget\" data-widget_type=\"lte-cf7.default\">\n\t\t\t\t<div class=\"elementor-widget-container\">\n\t\t\t\t\t<div class=\"lte-contact-form-7 lte-padding-yes lte-full-width-no\">\n<div class=\"wpcf7 no-js\" id=\"wpcf7-f18282-o1\" lang=\"fr-FR\" dir=\"ltr\" data-wpcf7-id=\"18282\">\n<div class=\"screen-reader-response\"><p role=\"status\" aria-live=\"polite\" aria-atomic=\"true\"><\/p> <ul><\/ul><\/div>\n<form action=\"\/fr\/wp-json\/wp\/v2\/pages\/18639#wpcf7-f18282-o1\" method=\"post\" class=\"wpcf7-form init\" aria-label=\"Formulaire de contact\" novalidate=\"novalidate\" data-status=\"init\">\n<div style=\"display: none;\">\n<input type=\"hidden\" name=\"_wpcf7\" value=\"18282\" \/>\n<input type=\"hidden\" name=\"_wpcf7_version\" value=\"6.0.6\" \/>\n<input type=\"hidden\" name=\"_wpcf7_locale\" value=\"fr_FR\" \/>\n<input type=\"hidden\" name=\"_wpcf7_unit_tag\" value=\"wpcf7-f18282-o1\" \/>\n<input type=\"hidden\" name=\"_wpcf7_container_post\" value=\"0\" \/>\n<input type=\"hidden\" name=\"_wpcf7_posted_data_hash\" value=\"\" \/>\n<input type=\"hidden\" name=\"_wpcf7_recaptcha_response\" value=\"\" \/>\n<\/div>\n<div class=\"row\">\n\t<div class=\"col-lg-12 col-md-12 col-xs-12\">\n\t\t<p><span class=\"fa fa-name lte-form-icon\"><\/span><span class=\"wpcf7-form-control-wrap\" data-name=\"field-name\"><input size=\"40\" maxlength=\"400\" class=\"wpcf7-form-control wpcf7-text wpcf7-validates-as-required\" aria-required=\"true\" aria-invalid=\"false\" placeholder=\"Nom\" value=\"\" type=\"text\" name=\"field-name\" \/><\/span>\n\t\t<\/p>\n\t<\/div>\n\t<div class=\"col-lg-12 col-md-12 col-xs-12\">\n\t\t<p><span class=\"fa fa-phone lte-form-icon\"><\/span><span class=\"wpcf7-form-control-wrap\" data-name=\"field-phone\"><input size=\"40\" maxlength=\"400\" class=\"wpcf7-form-control wpcf7-text wpcf7-validates-as-required\" aria-required=\"true\" aria-invalid=\"false\" placeholder=\"T\u00e9l\u00e9phone\" value=\"\" type=\"text\" name=\"field-phone\" \/><\/span>\n\t\t<\/p>\n\t<\/div>\n\t<div class=\"col-lg-12 col-md-12 col-xs-12\">\n\t\t<p><span class=\"fa fa-envelope lte-form-icon\"><\/span><span class=\"wpcf7-form-control-wrap\" data-name=\"field-email\"><input size=\"40\" maxlength=\"400\" class=\"wpcf7-form-control wpcf7-text wpcf7-validates-as-required\" aria-required=\"true\" aria-invalid=\"false\" placeholder=\"Email\" value=\"\" type=\"text\" name=\"field-email\" \/><\/span>\n\t\t<\/p>\n\t<\/div>\n\t<div class=\"col-lg-12 col-md-12 col-xs-12\">\n\t\t<p><label for=\"date\">Date de prise:<\/label><br \/>\n<span class=\"fa fa-calendar-alt lte-form-icon\"><\/span><span class=\"wpcf7-form-control-wrap\" data-name=\"field-date-pickup\"><input class=\"wpcf7-form-control wpcf7-date wpcf7-validates-as-required wpcf7-validates-as-date\" min=\"2026-04-18\" aria-required=\"true\" aria-invalid=\"false\" placeholder=\"Date de prise\" value=\"\" type=\"date\" name=\"field-date-pickup\" \/><\/span>\n\t\t<\/p>\n\t<\/div>\n\t<div class=\"col-lg-12 col-md-12 col-xs-12\">\n\t\t<p><label for=\"date\">Date de retour:<\/label><br \/>\n<span class=\"fa fa-calendar-alt lte-form-icon\"><\/span><span class=\"wpcf7-form-control-wrap\" data-name=\"field-date-dropoff\"><input class=\"wpcf7-form-control wpcf7-date wpcf7-validates-as-required wpcf7-validates-as-date\" min=\"2026-04-18\" aria-required=\"true\" aria-invalid=\"false\" placeholder=\"Date de retour\" value=\"\" type=\"date\" name=\"field-date-dropoff\" \/><\/span>\n\t\t<\/p>\n\t<\/div>\n\t<div class=\"col-lg-12 col-md-12 col-xs-12\">\n\t\t<p><span class=\"fa fa-car lte-form-icon\"><\/span><span class=\"wpcf7-form-control-wrap\" data-name=\"field-service-type\"><select class=\"wpcf7-form-control wpcf7-select\" aria-invalid=\"false\" name=\"field-service-type\"><option value=\"\">S\u00e9lectionnez le type de service<\/option><option value=\"Transferts a\u00e9roport\">Transferts a\u00e9roport<\/option><option value=\"Courses professionnelles\">Courses professionnelles<\/option><option value=\"Mariages et \u00e9v\u00e9nements\">Mariages et \u00e9v\u00e9nements<\/option><option value=\"Autres\">Autres<\/option><\/select><\/span>\n\t\t<\/p>\n\t<\/div>\n<\/div>\n<p><input class=\"wpcf7-form-control wpcf7-submit has-spinner\" type=\"submit\" value=\"Demande de service\" \/>\n<\/p><div class=\"wpcf7-response-output\" aria-hidden=\"true\"><\/div>\n<\/form>\n<\/div>\n<\/div>\t\t\t\t<\/div>\n\t\t\t\t<\/div>\n\t\t\t\t\t<\/div>\n\t\t<\/div>\n\t\t\t\t\t<\/div>\n\t\t<\/section>\n\t\t\t\t\t<\/div>\n\t\t<\/div>\n\t\t\t\t\t<\/div>\n\t\t<\/section>\n\t\t\t\t<\/div>\n\t\t","protected":false},"excerpt":{"rendered":"<p>Date de prise: Date de retour: S\u00e9lectionnez le type de serviceTransferts a\u00e9roportCourses professionnellesMariages et \u00e9v\u00e9nementsAutres<\/p>\n","protected":false},"author":1,"featured_media":0,"parent":0,"menu_order":0,"comment_status":"closed","ping_status":"closed","template":"","meta":{"footnotes":""},"class_list":["post-18639","page","type-page","status-publish","hentry"],"_links":{"self":[{"href":"https:\/\/comfortridesgn.com\/fr\/wp-json\/wp\/v2\/pages\/18639"}],"collection":[{"href":"https:\/\/comfortridesgn.com\/fr\/wp-json\/wp\/v2\/pages"}],"about":[{"href":"https:\/\/comfortridesgn.com\/fr\/wp-json\/wp\/v2\/types\/page"}],"author":[{"embeddable":true,"href":"https:\/\/comfortridesgn.com\/fr\/wp-json\/wp\/v2\/users\/1"}],"replies":[{"embeddable":true,"href":"https:\/\/comfortridesgn.com\/fr\/wp-json\/wp\/v2\/comments?post=18639"}],"version-history":[{"count":5,"href":"https:\/\/comfortridesgn.com\/fr\/wp-json\/wp\/v2\/pages\/18639\/revisions"}],"predecessor-version":[{"id":18665,"href":"https:\/\/comfortridesgn.com\/fr\/wp-json\/wp\/v2\/pages\/18639\/revisions\/18665"}],"wp:attachment":[{"href":"https:\/\/comfortridesgn.com\/fr\/wp-json\/wp\/v2\/media?parent=18639"}],"curies":[{"name":"wp","href":"https:\/\/api.w.org\/{rel}","templated":true}]}}