{"id":18484,"date":"2025-04-12T17:44:19","date_gmt":"2025-04-12T21:44:19","guid":{"rendered":"https:\/\/comfortridesgn.com\/services\/"},"modified":"2025-04-17T01:18:08","modified_gmt":"2025-04-17T05:18:08","slug":"services","status":"publish","type":"page","link":"https:\/\/comfortridesgn.com\/fr\/services\/","title":{"rendered":"Services"},"content":{"rendered":"\t\t<div data-elementor-type=\"wp-page\" data-elementor-id=\"18484\" class=\"elementor elementor-18484 elementor-18286\">\n\t\t\t\t\t\t<section class=\"elementor-section elementor-top-section elementor-element elementor-element-f97f944 elementor-section-boxed elementor-section-height-default elementor-section-height-default\" data-id=\"f97f944\" data-element_type=\"section\">\n\t\t\t\t\t\t<div class=\"elementor-container elementor-column-gap-default\">\n\t\t\t\t\t<div class=\"elementor-column elementor-col-100 elementor-top-column elementor-element elementor-element-60fa1bd\" data-id=\"60fa1bd\" data-element_type=\"column\">\n\t\t\t<div class=\"elementor-widget-wrap elementor-element-populated\">\n\t\t\t\t\t\t<div class=\"elementor-element elementor-element-c7032fb lte-heading-style-default elementor-widget__width-initial elementor-widget elementor-widget-lte-header\" data-id=\"c7032fb\" data-element_type=\"widget\" id=\"airport-shuttle\" data-widget_type=\"lte-header.default\">\n\t\t\t\t<div class=\"elementor-widget-container\">\n\t\t\t\t\t<div class=\"lte-heading lte-style-default lte-subcolor-main heading-tag-h3 heading-subtag-h6\"><div class=\"lte-heading-content\"><h3 class=\"lte-header\">Transferts A\u00e9roport<\/h3><\/div><\/div>\t\t\t\t<\/div>\n\t\t\t\t<\/div>\n\t\t\t\t\t<\/div>\n\t\t<\/div>\n\t\t\t\t\t<\/div>\n\t\t<\/section>\n\t\t\t\t<section class=\"elementor-section elementor-top-section elementor-element elementor-element-fc3a25f elementor-section-boxed elementor-section-height-default elementor-section-height-default\" data-id=\"fc3a25f\" data-element_type=\"section\">\n\t\t\t\t\t\t<div class=\"elementor-container elementor-column-gap-default\">\n\t\t\t\t\t<div class=\"elementor-column elementor-col-50 elementor-top-column elementor-element elementor-element-4ff7d1c\" data-id=\"4ff7d1c\" data-element_type=\"column\">\n\t\t\t<div class=\"elementor-widget-wrap elementor-element-populated\">\n\t\t\t\t\t\t<div class=\"elementor-element elementor-element-76a3f4f elementor-widget elementor-widget-image\" data-id=\"76a3f4f\" data-element_type=\"widget\" data-widget_type=\"image.default\">\n\t\t\t\t<div class=\"elementor-widget-container\">\n\t\t\t\t\t\t\t\t\t\t\t\t\t\t\t<img fetchpriority=\"high\" decoding=\"async\" width=\"1024\" height=\"668\" src=\"https:\/\/comfortridesgn.com\/wp-content\/uploads\/2025\/04\/Comfort_Rides_Airport_Cover-1024x668.jpg\" class=\"attachment-large size-large wp-image-18326\" alt=\"Comfort Rides\" srcset=\"https:\/\/comfortridesgn.com\/wp-content\/uploads\/2025\/04\/Comfort_Rides_Airport_Cover-1024x668.jpg 1024w, https:\/\/comfortridesgn.com\/wp-content\/uploads\/2025\/04\/Comfort_Rides_Airport_Cover-300x196.jpg 300w, https:\/\/comfortridesgn.com\/wp-content\/uploads\/2025\/04\/Comfort_Rides_Airport_Cover-768x501.jpg 768w, https:\/\/comfortridesgn.com\/wp-content\/uploads\/2025\/04\/Comfort_Rides_Airport_Cover-800x522.jpg 800w, https:\/\/comfortridesgn.com\/wp-content\/uploads\/2025\/04\/Comfort_Rides_Airport_Cover.jpg 1535w\" sizes=\"(max-width: 1024px) 100vw, 1024px\" \/>\t\t\t\t\t\t\t\t\t\t\t\t\t\t\t<\/div>\n\t\t\t\t<\/div>\n\t\t\t\t\t<\/div>\n\t\t<\/div>\n\t\t\t\t<div class=\"elementor-column elementor-col-50 elementor-top-column elementor-element elementor-element-7228bce\" data-id=\"7228bce\" data-element_type=\"column\">\n\t\t\t<div class=\"elementor-widget-wrap elementor-element-populated\">\n\t\t\t\t\t\t<div class=\"elementor-element elementor-element-7f36bd4 elementor-widget__width-initial elementor-widget elementor-widget-text-editor\" data-id=\"7f36bd4\" data-element_type=\"widget\" data-widget_type=\"text-editor.default\">\n\t\t\t\t<div class=\"elementor-widget-container\">\n\t\t\t\t\t\t\t\t\t<p style=\"font-family: Mulish, sans-serif; letter-spacing: normal;\"><span style=\"font-family: var(--font-main), sans-serif; letter-spacing: var(--font-main-letterspacing); background-color: var(--white); color: var(--black);\"><span style=\"vertical-align: inherit;\">Se rendre \u00e0 l&rsquo;a\u00e9roport international de Conakry et en revenir n&rsquo;est pas forc\u00e9ment compliqu\u00e9. Notre service de navette a\u00e9roport est con\u00e7u pour\u00a0<\/span><\/span><strong style=\"font-family: var(--font-main), sans-serif; letter-spacing: var(--font-main-letterspacing); background-color: var(--white); color: var(--black);\" data-start=\"651\" data-end=\"689\"><span style=\"vertical-align: inherit;\">allier confort, s\u00e9curit\u00e9 et ponctualit\u00e9\u00a0<\/span><\/strong><span style=\"font-family: var(--font-main), sans-serif; letter-spacing: var(--font-main-letterspacing); background-color: var(--white); color: var(--black);\"><span style=\"vertical-align: inherit;\">, vous permettant ainsi de voyager sans souci.<\/span><\/span><\/p><p style=\"font-family: Mulish, sans-serif; letter-spacing: normal;\" data-start=\"749\" data-end=\"784\"><strong data-start=\"749\" data-end=\"784\">Pourquoi choisir notre transfert a\u00e9roport?<\/strong><\/p><ul data-start=\"785\" data-end=\"992\"><li data-start=\"785\" data-end=\"839\"><p data-start=\"787\" data-end=\"839\"><span style=\"vertical-align: inherit;\">Suivi des vols en temps r\u00e9el et ajustements des horaires<\/span><\/p><\/li><li data-start=\"840\" data-end=\"886\"><p data-start=\"842\" data-end=\"886\"><span style=\"vertical-align: inherit;\">Prise en charge et d\u00e9pose rapides, de jour comme de nuit<\/span><\/p><\/li><li data-start=\"887\" data-end=\"941\"><p data-start=\"889\" data-end=\"941\"><span style=\"vertical-align: inherit;\">Suivi GPS et cam\u00e9ras int\u00e9rieures dans chaque v\u00e9hicule<\/span><\/p><\/li><li data-start=\"942\" data-end=\"992\"><p data-start=\"944\" data-end=\"992\"><span style=\"vertical-align: inherit;\">Chauffeurs sympathiques et professionnels qui connaissent la ville<\/span><\/p><\/li><\/ul><p style=\"font-family: Mulish, sans-serif; letter-spacing: normal; margin-bottom: 0px;\" data-start=\"994\" data-end=\"1111\"><strong data-start=\"994\" data-end=\"1012\">\u2705 Parfait pour :<\/strong><span style=\"vertical-align: inherit;\">\u00a0les expatri\u00e9s, les touristes, les voyageurs d&rsquo;affaires<\/span><\/p><p data-start=\"994\" data-end=\"1111\"><span style=\"color: var(--black); font-family: var(--font-main), sans-serif; letter-spacing: var(--font-main-letterspacing); background-color: var(--white);\"><span style=\"vertical-align: inherit;\">\ud83d\udc49 <\/span><\/span><a href=\"\/fr\/reservation\/\"><strong style=\"color: var(--black); font-family: var(--font-main), sans-serif; letter-spacing: var(--font-main-letterspacing); background-color: var(--white);\" data-start=\"1116\" data-end=\"1144\"><span style=\"vertical-align: inherit;\">R\u00e9servez<\/span><\/strong><\/a><\/p>\t\t\t\t\t\t\t\t<\/div>\n\t\t\t\t<\/div>\n\t\t\t\t\t<\/div>\n\t\t<\/div>\n\t\t\t\t\t<\/div>\n\t\t<\/section>\n\t\t\t\t<section class=\"elementor-section elementor-top-section elementor-element elementor-element-db59182 elementor-section-boxed elementor-section-height-default elementor-section-height-default\" data-id=\"db59182\" data-element_type=\"section\">\n\t\t\t\t\t\t<div class=\"elementor-container elementor-column-gap-default\">\n\t\t\t\t\t<div class=\"elementor-column elementor-col-100 elementor-top-column elementor-element elementor-element-b102574\" data-id=\"b102574\" data-element_type=\"column\">\n\t\t\t<div class=\"elementor-widget-wrap elementor-element-populated\">\n\t\t\t\t\t\t<div class=\"elementor-element elementor-element-99db952 elementor-widget-divider--view-line elementor-widget elementor-widget-divider\" data-id=\"99db952\" data-element_type=\"widget\" data-widget_type=\"divider.default\">\n\t\t\t\t<div class=\"elementor-widget-container\">\n\t\t\t\t\t\t\t<div class=\"elementor-divider\">\n\t\t\t<span class=\"elementor-divider-separator\">\n\t\t\t\t\t\t<\/span>\n\t\t<\/div>\n\t\t\t\t\t\t<\/div>\n\t\t\t\t<\/div>\n\t\t\t\t\t<\/div>\n\t\t<\/div>\n\t\t\t\t\t<\/div>\n\t\t<\/section>\n\t\t\t\t<section class=\"elementor-section elementor-top-section elementor-element elementor-element-8c8d5c4 elementor-section-boxed elementor-section-height-default elementor-section-height-default\" data-id=\"8c8d5c4\" data-element_type=\"section\">\n\t\t\t\t\t\t<div class=\"elementor-container elementor-column-gap-default\">\n\t\t\t\t\t<div class=\"elementor-column elementor-col-100 elementor-top-column elementor-element elementor-element-1ddd22c\" data-id=\"1ddd22c\" data-element_type=\"column\">\n\t\t\t<div class=\"elementor-widget-wrap elementor-element-populated\">\n\t\t\t\t\t\t<div class=\"elementor-element elementor-element-c151723 lte-heading-style-default elementor-widget__width-initial elementor-widget elementor-widget-lte-header\" data-id=\"c151723\" data-element_type=\"widget\" id=\"business-transfers\" data-widget_type=\"lte-header.default\">\n\t\t\t\t<div class=\"elementor-widget-container\">\n\t\t\t\t\t<div class=\"lte-heading lte-style-default lte-subcolor-main heading-tag-h3 heading-subtag-h6\"><div class=\"lte-heading-content\"><h3 class=\"lte-header\">Courses Professionnelles<\/h3><\/div><\/div>\t\t\t\t<\/div>\n\t\t\t\t<\/div>\n\t\t\t\t\t<\/div>\n\t\t<\/div>\n\t\t\t\t\t<\/div>\n\t\t<\/section>\n\t\t\t\t<section class=\"elementor-section elementor-top-section elementor-element elementor-element-b2ee93a elementor-section-boxed elementor-section-height-default elementor-section-height-default\" data-id=\"b2ee93a\" data-element_type=\"section\">\n\t\t\t\t\t\t<div class=\"elementor-container elementor-column-gap-default\">\n\t\t\t\t\t<div class=\"elementor-column elementor-col-50 elementor-top-column elementor-element elementor-element-c8e96de\" data-id=\"c8e96de\" data-element_type=\"column\">\n\t\t\t<div class=\"elementor-widget-wrap elementor-element-populated\">\n\t\t\t\t\t\t<div class=\"elementor-element elementor-element-da0b434 elementor-widget elementor-widget-image\" data-id=\"da0b434\" data-element_type=\"widget\" data-widget_type=\"image.default\">\n\t\t\t\t<div class=\"elementor-widget-container\">\n\t\t\t\t\t\t\t\t\t\t\t\t\t\t\t<img decoding=\"async\" width=\"1024\" height=\"683\" src=\"https:\/\/comfortridesgn.com\/wp-content\/uploads\/2025\/04\/businesswoman-sitting-behind-happy-african-male-chauffeur-driving-car-1024x683-1.jpg\" class=\"attachment-large size-large wp-image-18362\" alt=\"\" srcset=\"https:\/\/comfortridesgn.com\/wp-content\/uploads\/2025\/04\/businesswoman-sitting-behind-happy-african-male-chauffeur-driving-car-1024x683-1.jpg 1024w, https:\/\/comfortridesgn.com\/wp-content\/uploads\/2025\/04\/businesswoman-sitting-behind-happy-african-male-chauffeur-driving-car-1024x683-1-300x200.jpg 300w, https:\/\/comfortridesgn.com\/wp-content\/uploads\/2025\/04\/businesswoman-sitting-behind-happy-african-male-chauffeur-driving-car-1024x683-1-768x512.jpg 768w, https:\/\/comfortridesgn.com\/wp-content\/uploads\/2025\/04\/businesswoman-sitting-behind-happy-african-male-chauffeur-driving-car-1024x683-1-800x534.jpg 800w\" sizes=\"(max-width: 1024px) 100vw, 1024px\" \/>\t\t\t\t\t\t\t\t\t\t\t\t\t\t\t<\/div>\n\t\t\t\t<\/div>\n\t\t\t\t\t<\/div>\n\t\t<\/div>\n\t\t\t\t<div class=\"elementor-column elementor-col-50 elementor-top-column elementor-element elementor-element-7d1a38d\" data-id=\"7d1a38d\" data-element_type=\"column\">\n\t\t\t<div class=\"elementor-widget-wrap elementor-element-populated\">\n\t\t\t\t\t\t<div class=\"elementor-element elementor-element-adfe321 elementor-widget__width-initial elementor-widget elementor-widget-text-editor\" data-id=\"adfe321\" data-element_type=\"widget\" data-widget_type=\"text-editor.default\">\n\t\t\t\t<div class=\"elementor-widget-container\">\n\t\t\t\t\t\t\t\t\t<p style=\"font-family: Mulish, sans-serif; letter-spacing: normal;\" data-start=\"1912\" data-end=\"2137\"><span style=\"vertical-align: inherit;\">Pour les professionnels et les entreprises op\u00e9rant \u00e0 Conakry, le temps et l&rsquo;efficacit\u00e9 sont essentiels. Notre service de course professionnel vous permet de b\u00e9n\u00e9ficier d&rsquo;une voiture priv\u00e9e avec chauffeur pour vos d\u00e9placements quotidiens, vos r\u00e9unions ou vos courses en ville.<\/span><\/p><p style=\"font-family: Mulish, sans-serif; letter-spacing: normal;\" data-start=\"2139\" data-end=\"2175\"><strong data-start=\"2139\" data-end=\"2175\">Con\u00e7u pour les professionnels occup\u00e9s :<\/strong><\/p><ul data-start=\"2176\" data-end=\"2397\"><li data-start=\"2176\" data-end=\"2231\"><p data-start=\"2178\" data-end=\"2231\"><span style=\"vertical-align: inherit;\">Horaire flexible (horaire, demi-journ\u00e9e ou journ\u00e9e compl\u00e8te)<\/span><\/p><\/li><li data-start=\"2176\" data-end=\"2231\"><p data-start=\"2178\" data-end=\"2231\"><span style=\"font-family: var(--font-main), sans-serif; letter-spacing: var(--font-main-letterspacing); background-color: var(--white); color: var(--black);\">Des chauffeurs discrets et courtois qui connaissent bien Conakry<\/span><\/p><\/li><li data-start=\"2286\" data-end=\"2332\"><p data-start=\"2288\" data-end=\"2332\"><span style=\"vertical-align: inherit;\">Tous les v\u00e9hicules \u00e9quip\u00e9s de GPS et de cam\u00e9ras<\/span><\/p><\/li><li data-start=\"2333\" data-end=\"2397\"><p data-start=\"2335\" data-end=\"2397\"><span style=\"vertical-align: inherit;\">Id\u00e9al pour les d\u00e9placements quotidiens, les visites de sites ou les courses personnelles<\/span><\/p><\/li><\/ul><p style=\"font-family: Mulish, sans-serif; letter-spacing: normal;\" data-start=\"2399\" data-end=\"2501\"><strong data-start=\"2399\" data-end=\"2415\">\u2705 Id\u00e9al pour :<\/strong><span style=\"vertical-align: inherit;\">\u00a0Cadres, travailleurs sur le terrain, voyageurs d&rsquo;affaires<\/span><br \/><span style=\"font-family: var(--font-main), sans-serif; letter-spacing: var(--font-main-letterspacing); color: var(--black); background-color: var(--white);\"><span style=\"vertical-align: inherit;\">\ud83d\udc49 <a href=\"\/fr\/reservation\/\"><strong style=\"color: var(--black); font-family: var(--font-main), sans-serif; letter-spacing: var(--font-main-letterspacing); background-color: var(--white);\" data-start=\"1116\" data-end=\"1144\">R\u00e9servez<\/strong><\/a><\/span><\/span><\/p>\t\t\t\t\t\t\t\t<\/div>\n\t\t\t\t<\/div>\n\t\t\t\t\t<\/div>\n\t\t<\/div>\n\t\t\t\t\t<\/div>\n\t\t<\/section>\n\t\t\t\t<section class=\"elementor-section elementor-top-section elementor-element elementor-element-30a38d1 elementor-section-boxed elementor-section-height-default elementor-section-height-default\" data-id=\"30a38d1\" data-element_type=\"section\">\n\t\t\t\t\t\t<div class=\"elementor-container elementor-column-gap-default\">\n\t\t\t\t\t<div class=\"elementor-column elementor-col-100 elementor-top-column elementor-element elementor-element-2afe479\" data-id=\"2afe479\" data-element_type=\"column\">\n\t\t\t<div class=\"elementor-widget-wrap elementor-element-populated\">\n\t\t\t\t\t\t<div class=\"elementor-element elementor-element-d1d38b9 elementor-widget-divider--view-line elementor-widget elementor-widget-divider\" data-id=\"d1d38b9\" data-element_type=\"widget\" data-widget_type=\"divider.default\">\n\t\t\t\t<div class=\"elementor-widget-container\">\n\t\t\t\t\t\t\t<div class=\"elementor-divider\">\n\t\t\t<span class=\"elementor-divider-separator\">\n\t\t\t\t\t\t<\/span>\n\t\t<\/div>\n\t\t\t\t\t\t<\/div>\n\t\t\t\t<\/div>\n\t\t\t\t\t<\/div>\n\t\t<\/div>\n\t\t\t\t\t<\/div>\n\t\t<\/section>\n\t\t\t\t<section class=\"elementor-section elementor-top-section elementor-element elementor-element-bf1e433 elementor-section-boxed elementor-section-height-default elementor-section-height-default\" data-id=\"bf1e433\" data-element_type=\"section\">\n\t\t\t\t\t\t<div class=\"elementor-container elementor-column-gap-default\">\n\t\t\t\t\t<div class=\"elementor-column elementor-col-100 elementor-top-column elementor-element elementor-element-207e5bb\" data-id=\"207e5bb\" data-element_type=\"column\">\n\t\t\t<div class=\"elementor-widget-wrap elementor-element-populated\">\n\t\t\t\t\t\t<div class=\"elementor-element elementor-element-eaa27ae lte-heading-style-default elementor-widget__width-initial elementor-widget elementor-widget-lte-header\" data-id=\"eaa27ae\" data-element_type=\"widget\" data-widget_type=\"lte-header.default\">\n\t\t\t\t<div class=\"elementor-widget-container\">\n\t\t\t\t\t<div class=\"lte-heading lte-style-default lte-subcolor-main heading-tag-h3 heading-subtag-h6\"><div class=\"lte-heading-content\"><h3 class=\"lte-header\">Mariages et Ev\u00e9nements Sp\u00e9ciaux<\/h3><\/div><\/div>\t\t\t\t<\/div>\n\t\t\t\t<\/div>\n\t\t\t\t\t<\/div>\n\t\t<\/div>\n\t\t\t\t\t<\/div>\n\t\t<\/section>\n\t\t\t\t<section class=\"elementor-section elementor-top-section elementor-element elementor-element-e24e854 elementor-section-boxed elementor-section-height-default elementor-section-height-default\" data-id=\"e24e854\" data-element_type=\"section\">\n\t\t\t\t\t\t<div class=\"elementor-container elementor-column-gap-default\">\n\t\t\t\t\t<div class=\"elementor-column elementor-col-50 elementor-top-column elementor-element elementor-element-aa59b27\" data-id=\"aa59b27\" data-element_type=\"column\">\n\t\t\t<div class=\"elementor-widget-wrap elementor-element-populated\">\n\t\t\t\t\t\t<div class=\"elementor-element elementor-element-1585b2b elementor-widget elementor-widget-image\" data-id=\"1585b2b\" data-element_type=\"widget\" data-widget_type=\"image.default\">\n\t\t\t\t<div class=\"elementor-widget-container\">\n\t\t\t\t\t\t\t\t\t\t\t\t\t\t\t<img decoding=\"async\" width=\"1024\" height=\"768\" src=\"https:\/\/comfortridesgn.com\/wp-content\/uploads\/2025\/04\/party-bus-2.jpg\" class=\"attachment-large size-large wp-image-18381\" alt=\"Party Bus\" srcset=\"https:\/\/comfortridesgn.com\/wp-content\/uploads\/2025\/04\/party-bus-2.jpg 1024w, https:\/\/comfortridesgn.com\/wp-content\/uploads\/2025\/04\/party-bus-2-300x225.jpg 300w, https:\/\/comfortridesgn.com\/wp-content\/uploads\/2025\/04\/party-bus-2-768x576.jpg 768w, https:\/\/comfortridesgn.com\/wp-content\/uploads\/2025\/04\/party-bus-2-800x600.jpg 800w\" sizes=\"(max-width: 1024px) 100vw, 1024px\" \/>\t\t\t\t\t\t\t\t\t\t\t\t\t\t\t<\/div>\n\t\t\t\t<\/div>\n\t\t\t\t\t<\/div>\n\t\t<\/div>\n\t\t\t\t<div class=\"elementor-column elementor-col-50 elementor-top-column elementor-element elementor-element-65573fb\" data-id=\"65573fb\" data-element_type=\"column\">\n\t\t\t<div class=\"elementor-widget-wrap elementor-element-populated\">\n\t\t\t\t\t\t<div class=\"elementor-element elementor-element-69ed8c3 elementor-widget__width-initial elementor-widget elementor-widget-text-editor\" data-id=\"69ed8c3\" data-element_type=\"widget\" data-widget_type=\"text-editor.default\">\n\t\t\t\t<div class=\"elementor-widget-container\">\n\t\t\t\t\t\t\t\t\t<p style=\"font-family: Mulish, sans-serif; letter-spacing: normal;\" data-start=\"1192\" data-end=\"1237\"><span data-start=\"1192\" data-end=\"1237\"><b>Arrivez avec style, laissez-nous conduire.<\/b><\/span><\/p><p style=\"font-family: Mulish, sans-serif; letter-spacing: normal;\" data-start=\"1192\" data-end=\"1237\"><span data-start=\"1192\" data-end=\"1237\"><span style=\"background-color: var(--white); color: var(--black);\">Qu&rsquo;il s&rsquo;agisse d&rsquo;un mariage, d&rsquo;une conf\u00e9rence, d&rsquo;une visite VIP ou d&rsquo;une c\u00e9l\u00e9bration priv\u00e9e, nous proposons des locations de voitures \u00e9l\u00e9gantes avec chauffeur pour garantir le bon d\u00e9roulement de votre \u00e9v\u00e9nement du d\u00e9but \u00e0 la fin. Nous nous occupons de la logistique\u00a0; vous vous concentrez sur l&rsquo;instant pr\u00e9sent.<\/span><b><br \/><\/b><\/span><\/p><p style=\"font-family: Mulish, sans-serif; letter-spacing: normal;\" data-start=\"1464\" data-end=\"1481\"><strong data-start=\"1464\" data-end=\"1481\">Ce que vous obtenez :<\/strong><\/p><ul data-start=\"1482\" data-end=\"1675\"><li data-start=\"1482\" data-end=\"1522\"><p data-start=\"1484\" data-end=\"1522\"><span style=\"vertical-align: inherit;\">Des v\u00e9hicules \u00e9l\u00e9gants, propres et pr\u00eats pour l&rsquo;\u00e9v\u00e9nement<\/span><\/p><\/li><li data-start=\"1523\" data-end=\"1576\"><p data-start=\"1525\" data-end=\"1576\"><span style=\"vertical-align: inherit;\">Des chauffeurs form\u00e9s, ponctuels et professionnels<\/span><\/p><\/li><li data-start=\"1577\" data-end=\"1624\"><p data-start=\"1579\" data-end=\"1624\"><span style=\"vertical-align: inherit;\">Forfaits de location flexibles \u00e0 l&rsquo;heure ou \u00e0 la journ\u00e9e<\/span><\/p><\/li><li data-start=\"1625\" data-end=\"1675\"><p data-start=\"1627\" data-end=\"1675\"><span style=\"vertical-align: inherit;\">Surveillance du v\u00e9hicule en temps r\u00e9el pour une tranquillit\u00e9 d&rsquo;esprit<\/span><\/p><\/li><\/ul><p style=\"font-family: Mulish, sans-serif; letter-spacing: normal;\" data-start=\"1677\" data-end=\"1788\"><strong data-start=\"1677\" data-end=\"1695\">\u2705 Parfait pour :<\/strong><span style=\"vertical-align: inherit;\">\u00a0Mariages, \u00e9v\u00e9nements d&rsquo;entreprise, f\u00eates priv\u00e9es<\/span><br \/><span style=\"font-family: var(--font-main), sans-serif; letter-spacing: var(--font-main-letterspacing); color: var(--black); background-color: var(--white);\"><span style=\"vertical-align: inherit;\">\ud83d\udc49 <a href=\"\/fr\/reservation\/\"><strong style=\"color: var(--black); font-family: var(--font-main), sans-serif; letter-spacing: var(--font-main-letterspacing); background-color: var(--white);\" data-start=\"1116\" data-end=\"1144\">R\u00e9servez<\/strong><\/a><\/span><\/span><\/p>\t\t\t\t\t\t\t\t<\/div>\n\t\t\t\t<\/div>\n\t\t\t\t\t<\/div>\n\t\t<\/div>\n\t\t\t\t\t<\/div>\n\t\t<\/section>\n\t\t\t\t<\/div>\n\t\t","protected":false},"excerpt":{"rendered":"<p>Transferts A\u00e9roport Se rendre \u00e0 l&rsquo;a\u00e9roport international de Conakry et en revenir n&rsquo;est pas forc\u00e9ment compliqu\u00e9. Notre service de navette a\u00e9roport est con\u00e7u pour\u00a0allier confort, s\u00e9curit\u00e9 et ponctualit\u00e9\u00a0, vous permettant ainsi de voyager sans souci. Pourquoi choisir notre transfert a\u00e9roport? Suivi des vols en temps r\u00e9el et ajustements des horaires Prise en charge et d\u00e9pose [&hellip;]<\/p>\n","protected":false},"author":1,"featured_media":0,"parent":0,"menu_order":0,"comment_status":"closed","ping_status":"closed","template":"","meta":{"footnotes":""},"class_list":["post-18484","page","type-page","status-publish","hentry"],"_links":{"self":[{"href":"https:\/\/comfortridesgn.com\/fr\/wp-json\/wp\/v2\/pages\/18484"}],"collection":[{"href":"https:\/\/comfortridesgn.com\/fr\/wp-json\/wp\/v2\/pages"}],"about":[{"href":"https:\/\/comfortridesgn.com\/fr\/wp-json\/wp\/v2\/types\/page"}],"author":[{"embeddable":true,"href":"https:\/\/comfortridesgn.com\/fr\/wp-json\/wp\/v2\/users\/1"}],"replies":[{"embeddable":true,"href":"https:\/\/comfortridesgn.com\/fr\/wp-json\/wp\/v2\/comments?post=18484"}],"version-history":[{"count":5,"href":"https:\/\/comfortridesgn.com\/fr\/wp-json\/wp\/v2\/pages\/18484\/revisions"}],"predecessor-version":[{"id":18680,"href":"https:\/\/comfortridesgn.com\/fr\/wp-json\/wp\/v2\/pages\/18484\/revisions\/18680"}],"wp:attachment":[{"href":"https:\/\/comfortridesgn.com\/fr\/wp-json\/wp\/v2\/media?parent=18484"}],"curies":[{"name":"wp","href":"https:\/\/api.w.org\/{rel}","templated":true}]}}