{"id":18476,"date":"2025-04-13T21:57:11","date_gmt":"2025-04-14T01:57:11","guid":{"rendered":"https:\/\/comfortridesgn.com\/a-propos-de-nous\/"},"modified":"2025-04-14T21:48:14","modified_gmt":"2025-04-15T01:48:14","slug":"a-propos-de-nous","status":"publish","type":"page","link":"https:\/\/comfortridesgn.com\/fr\/a-propos-de-nous\/","title":{"rendered":"A propos de nous"},"content":{"rendered":"\t\t<div data-elementor-type=\"wp-page\" data-elementor-id=\"18476\" class=\"elementor elementor-18476 elementor-18447\">\n\t\t\t\t\t\t<section class=\"elementor-section elementor-top-section elementor-element elementor-element-61b46398 elementor-section-boxed elementor-section-height-default elementor-section-height-default\" data-id=\"61b46398\" data-element_type=\"section\">\n\t\t\t\t\t\t<div class=\"elementor-container elementor-column-gap-default\">\n\t\t\t\t\t<div class=\"elementor-column elementor-col-100 elementor-top-column elementor-element elementor-element-038b70c\" data-id=\"038b70c\" data-element_type=\"column\">\n\t\t\t<div class=\"elementor-widget-wrap\">\n\t\t\t\t\t\t\t<\/div>\n\t\t<\/div>\n\t\t\t\t\t<\/div>\n\t\t<\/section>\n\t\t\t\t<section class=\"elementor-section elementor-top-section elementor-element elementor-element-9cb2d19 elementor-section-boxed elementor-section-height-default elementor-section-height-default\" data-id=\"9cb2d19\" data-element_type=\"section\">\n\t\t\t\t\t\t<div class=\"elementor-container elementor-column-gap-default\">\n\t\t\t\t\t<div class=\"elementor-column elementor-col-50 elementor-top-column elementor-element elementor-element-68bea17\" data-id=\"68bea17\" data-element_type=\"column\">\n\t\t\t<div class=\"elementor-widget-wrap elementor-element-populated\">\n\t\t\t\t\t\t<div class=\"elementor-element elementor-element-e9fc635 elementor-widget elementor-widget-image\" data-id=\"e9fc635\" data-element_type=\"widget\" data-widget_type=\"image.default\">\n\t\t\t\t<div class=\"elementor-widget-container\">\n\t\t\t\t\t\t\t\t\t\t\t\t\t\t\t<img fetchpriority=\"high\" decoding=\"async\" width=\"1024\" height=\"668\" src=\"https:\/\/comfortridesgn.com\/wp-content\/uploads\/2025\/04\/Comfort_Rides_Airport_Cover-1024x668.jpg\" class=\"attachment-large size-large wp-image-18326\" alt=\"Comfort Rides\" srcset=\"https:\/\/comfortridesgn.com\/wp-content\/uploads\/2025\/04\/Comfort_Rides_Airport_Cover-1024x668.jpg 1024w, https:\/\/comfortridesgn.com\/wp-content\/uploads\/2025\/04\/Comfort_Rides_Airport_Cover-300x196.jpg 300w, https:\/\/comfortridesgn.com\/wp-content\/uploads\/2025\/04\/Comfort_Rides_Airport_Cover-768x501.jpg 768w, https:\/\/comfortridesgn.com\/wp-content\/uploads\/2025\/04\/Comfort_Rides_Airport_Cover-800x522.jpg 800w, https:\/\/comfortridesgn.com\/wp-content\/uploads\/2025\/04\/Comfort_Rides_Airport_Cover.jpg 1535w\" sizes=\"(max-width: 1024px) 100vw, 1024px\" \/>\t\t\t\t\t\t\t\t\t\t\t\t\t\t\t<\/div>\n\t\t\t\t<\/div>\n\t\t\t\t\t<\/div>\n\t\t<\/div>\n\t\t\t\t<div class=\"elementor-column elementor-col-50 elementor-top-column elementor-element elementor-element-322d9954\" data-id=\"322d9954\" data-element_type=\"column\">\n\t\t\t<div class=\"elementor-widget-wrap elementor-element-populated\">\n\t\t\t\t\t\t<div class=\"elementor-element elementor-element-8ef9778 elementor-widget elementor-widget-text-editor\" data-id=\"8ef9778\" data-element_type=\"widget\" data-widget_type=\"text-editor.default\">\n\t\t\t\t<div class=\"elementor-widget-container\">\n\t\t\t\t\t\t\t\t\t<p><strong>Bienvenue chez Comfort Rides &#8211; S\u00fbr. Fiable. Professionnel.  <\/strong><\/p>\n<p>Chez Comfort Rides, nous comprenons que la navigation \u00e0 Conakry peut \u00eatre difficile, en particulier pour les expatri\u00e9s et les visiteurs. C&rsquo;est pourquoi nous avons cr\u00e9\u00e9 un service de transport con\u00e7u pour vous offrir non seulement le confort, mais aussi la tranquillit\u00e9 d&rsquo;esprit. <\/p>\n<p>Nous sommes sp\u00e9cialis\u00e9s dans :<\/p>\n<ul class=\"wp-block-list\">\n<li><strong>Service de navette a\u00e9roportuaire<\/strong> &#8211; Prise en charge et retour \u00e0 l&rsquo;heure \u00e0 l&rsquo;a\u00e9roport international de Conakry.<\/li>\n<li><strong>Location de voitures et de chauffeurs pour les \u00e9v\u00e9nements<\/strong> &#8211; Transport \u00e9l\u00e9gant et fiable pour les mariages, les r\u00e9unions d&rsquo;affaires et les occasions sp\u00e9ciales.<\/li>\n<li><strong>Service de courses pour les entreprises<\/strong> &#8211; D\u00e9placez-vous en ville sans stress gr\u00e2ce \u00e0 un chauffeur d\u00e9vou\u00e9 \u00e0 votre service.<\/li>\n<\/ul>\n<p>Ce qui nous distingue, c&rsquo;est notre <strong>engagement in\u00e9branlable en mati\u00e8re de s\u00e9curit\u00e9 et de professionnalisme<\/strong>.<br>Tous nos v\u00e9hicules sont \u00e9quip\u00e9s :<\/p>\n<ul class=\"wp-block-list\">\n<li><strong>Suivi GPS<\/strong> pour une localisation en temps r\u00e9el<\/li>\n<li><strong>Cam\u00e9ras de recul<\/strong> pour plus de s\u00e9curit\u00e9<\/li>\n<li><strong>Des chauffeurs professionnels et bien form\u00e9s<\/strong> qui privil\u00e9gient la courtoisie et la discr\u00e9tion.<\/li>\n<\/ul>\n<p>Que vous soyez un visiteur pour la premi\u00e8re fois ou un habitant qui revient, Comfort Rides est l\u00e0 pour rendre votre exp\u00e9rience \u00e0 Conakry fluide, s\u00fbre et fiable.<\/p>\n<p><strong>Roulez intelligemment. Roulez en toute s\u00e9curit\u00e9. Roulez confortablement.  <\/strong><\/p>\t\t\t\t\t\t\t\t<\/div>\n\t\t\t\t<\/div>\n\t\t\t\t\t<\/div>\n\t\t<\/div>\n\t\t\t\t\t<\/div>\n\t\t<\/section>\n\t\t\t\t<\/div>\n\t\t","protected":false},"excerpt":{"rendered":"<p>Bienvenue chez Comfort Rides &#8211; S\u00fbr. Fiable. Professionnel. Chez Comfort Rides, nous comprenons que la navigation \u00e0 Conakry peut \u00eatre difficile, en particulier pour les expatri\u00e9s et les visiteurs. C&rsquo;est pourquoi nous avons cr\u00e9\u00e9 un service de transport con\u00e7u pour vous offrir non seulement le confort, mais aussi la tranquillit\u00e9 d&rsquo;esprit. Nous sommes sp\u00e9cialis\u00e9s dans [&hellip;]<\/p>\n","protected":false},"author":1,"featured_media":0,"parent":0,"menu_order":0,"comment_status":"closed","ping_status":"closed","template":"","meta":{"footnotes":""},"class_list":["post-18476","page","type-page","status-publish","hentry"],"_links":{"self":[{"href":"https:\/\/comfortridesgn.com\/fr\/wp-json\/wp\/v2\/pages\/18476"}],"collection":[{"href":"https:\/\/comfortridesgn.com\/fr\/wp-json\/wp\/v2\/pages"}],"about":[{"href":"https:\/\/comfortridesgn.com\/fr\/wp-json\/wp\/v2\/types\/page"}],"author":[{"embeddable":true,"href":"https:\/\/comfortridesgn.com\/fr\/wp-json\/wp\/v2\/users\/1"}],"replies":[{"embeddable":true,"href":"https:\/\/comfortridesgn.com\/fr\/wp-json\/wp\/v2\/comments?post=18476"}],"version-history":[{"count":1,"href":"https:\/\/comfortridesgn.com\/fr\/wp-json\/wp\/v2\/pages\/18476\/revisions"}],"predecessor-version":[{"id":18477,"href":"https:\/\/comfortridesgn.com\/fr\/wp-json\/wp\/v2\/pages\/18476\/revisions\/18477"}],"wp:attachment":[{"href":"https:\/\/comfortridesgn.com\/fr\/wp-json\/wp\/v2\/media?parent=18476"}],"curies":[{"name":"wp","href":"https:\/\/api.w.org\/{rel}","templated":true}]}}